{"id":14242,"date":"2022-11-29T18:43:48","date_gmt":"2022-11-29T16:43:48","guid":{"rendered":"https:\/\/quadratum.ro\/?page_id=14242"},"modified":"2023-11-21T18:25:41","modified_gmt":"2023-11-21T16:25:41","slug":"politica-de-confidentialitate","status":"publish","type":"page","link":"https:\/\/quadratum.ro\/en\/politica-de-confidentialitate\/","title":{"rendered":"Privacy Policy"},"content":{"rendered":"<div class=\"wp-block-columns is-layout-flex wp-container-core-columns-is-layout-9d6595d7 wp-block-columns-is-layout-flex\">\n<div class=\"wp-block-column is-layout-flow wp-block-column-is-layout-flow\" style=\"flex-basis:25%\"><\/div>\n\n\n\n<div class=\"wp-block-column is-layout-flow wp-block-column-is-layout-flow\" style=\"flex-basis:50%\">\n<p>Aceast\u0103 politic\u0103 de confiden\u021bialitate v\u0103 informeaz\u0103 cu privire la informa\u021biile pe care le colect\u0103m de la dvs. atunci c\u00e2nd utiliza\u021bi site-ul nostru web. \u00cen colectarea acestor informa\u021bii, noi ac\u021bion\u0103m \u00een calitate de operator de date \u0219i, prin lege, suntem obliga\u021bi s\u0103 v\u0103 furniz\u0103m informa\u021bii despre noi, despre motivul \u0219i modul \u00een care folosim datele dvs. \u0219i despre drepturile pe care le ave\u021bi asupra datelor dvs.<\/p>\n\n\n\n<p><strong>Cine suntem?<\/strong><\/p>\n\n\n\n<p>Quadratum architecture&nbsp;&nbsp; av\u00e2nd sediul social in Bucuresti, sector 6, Calea plevnei 145B bloc 2, P204. numit \u00een cele ce urmeaz\u0103 \u201eQuadratum architecture\u201d sau \u201eOperatorul\u201d, definita ca operator de date personale \u00een accep\u021biunea Regulamentului European 679\/2016 privind protec\u0163ia persoanelor fizice \u00een ceea ce prive\u015fte prelucrarea datelor cu caracter personal \u015fi privind libera circula\u0163ie a acestor date \u015fi de abrogare a Directivei 95\/46\/CE (Regulamentul general privind protec\u0163ia datelor sau GDPR).<\/p>\n\n\n\n<p>Ne pute\u021bi contacta prin po\u0219t\u0103 la adresa sediului social de mai sus, prin e-mail la adresa office@quadratum.ro\u00a0 sau telefonic la num\u0103rul de telefon +40 (754) 02 30 80<\/p>\n\n\n\n<p>Nu suntem obliga\u021bi s\u0103 avem un responsabil cu protec\u021bia datelor, astfel \u00eenc\u00e2t orice \u00eentrebare cu privire la utilizarea datelor dvs. personale trebuie adresat\u0103 la datele de contact de mai sus.<\/p>\n\n\n\n<p><strong>Ce sunt datele cu caracter personal?&nbsp;<\/strong><\/p>\n\n\n\n<p>Conform Regulamentului 679\/2016 \u201cdate cu caracter personal\u201c, definite la Art.4 alineatul 1., \u00eenseamn\u0103 orice informa\u0163ii privind o persoan\u0103 fizic\u0103 identificat\u0103 sau identificabil\u0103 (\u201cpersoana vizat\u0103\u201d); o persoan\u0103 fizic\u0103 identificabil\u0103 este o persoan\u0103 care poate fi identificat\u0103, direct sau indirect, \u00een special prin referire la un element de identificare, cum ar fi un nume, un num\u0103r de identificare, date de localizare, un identificator online, sau la unul sau mai multe elemente specifice, proprii identit\u0103\u0163ii sale fizice, fiziologice, genetice, psihice, economice, culturale sau sociale.<\/p>\n\n\n\n<p><strong>Ce date personale colecteaza si prelucreaza Societatea noastra?<\/strong><\/p>\n\n\n\n<p>Crearea de catre Dvs. a unui cont de utilizator \u00een site-ul nostru www.quadratum.ro reprezint\u0103 acordul dumneavoastr\u0103 pentru ca Operatorul s\u0103 colecteze \u0219i s\u0103 prelucreze toate datele cu caracter personal introduse.&nbsp;Operatorul va avea acces la o serie de date personale, precum nume, prenume \u0219i adresa de email.&nbsp;Nu \u00eenregistr\u0103m date sensibile privind s\u0103n\u0103tatea Dvs., etnia, credin\u021bele religioase sau politice.Nu colect\u0103m date despre copii dec\u00e2t dac\u0103 ne furniza\u021bi informa\u021bii despre propriii Dvs. copii \u00een leg\u0103tur\u0103 cu serviciile pe care le efectua\u021bi.<\/p>\n\n\n\n<p><strong>Care este scopul colectarii?<\/strong><\/p>\n\n\n\n<p>Scopul colect\u0103rii \u0219i prelucr\u0103rii datelor cu caracter personal este acela de a asigura o bun\u0103 func\u021bionare a formularului de contact de pe site-ul nostru \u0219i de a face experien\u021ba utilizatorului pe site una c\u00e2t mai pl\u0103cut\u0103.<br>Mai exact, datele colectate si scopurile colectarii sunt urmatoarele:<\/p>\n\n\n\n<p>Nume \u2013 pentru identificarea utilizatorului<\/p>\n\n\n\n<p>Prenume \u2013 pentru identificarea utilizatorului<\/p>\n\n\n\n<p>E-mail \u2013 pentru trimiterea r\u0103spunsului la solicitarea utilizatorului<\/p>\n\n\n\n<p>Atunci cand accesati site-ul www.quadratum.ro, serverele noastre creeaza in mod automat inregistrari ale vizitei Dvs. Aceste inregistrari includ, de obicei, adrese IP, numarul de accesari, pagina de internet de la care te-ai conectat si alte date.<\/p>\n\n\n\n<p>Pentru mai multe informatii, va rugam sa consulti documentul privind fisierele de tip \u201ecookie\u201d.<\/p>\n\n\n\n<p><strong>Care sunt temeiurile pentru prelucrarea datelor personale?<\/strong><\/p>\n\n\n\n<p><a><\/a>Societatea noastra colecteaza si prelucreaza datele Dvs. personale doar cu consimtamantul Dvs., atunci cand are o obligatie legala sau exista un temei legitim.<\/p>\n\n\n\n<p><strong>Cum va puteti actualiza datele cu caracter personal?<\/strong><\/p>\n\n\n\n<p>\u00cen cazul \u00een care oricare dintre datele cu caracter personal pe care ni le-a\u021bi furnizat sufer\u0103 modific\u0103ri, spre exemplu dac\u0103 v\u0103 schimba\u021bi prenumele, numele sau adresa de e-mail sau dac\u0103 dori\u021bi s\u0103 anula\u021bi orice fel de cerere adresat\u0103 nou\u0103, sau dac\u0103 lua\u021bi cuno\u0219tin\u021b\u0103 de faptul c\u0103 de\u021binem orice date cu caracter personal incorecte cu privire la dumneavoastr\u0103, v\u0103 rug\u0103m s\u0103 ne contacta\u021bi prin e-mail la: &nbsp;office@quadratum.ro .Nu vom fi r\u0103spunz\u0103tori pentru nicio pierdere decurg\u00e2nd din date cu caracter personal incorecte, neautentice, insuficiente sau incomplete pe care ni le furniza\u021bi.<\/p>\n\n\n\n<p><strong>Sunt datele Dvs sigure la Operator?<\/strong><\/p>\n\n\n\n<p>Societatea noastra trateaza securitatea datelor Dvs foarte serios, prin adoptarea si revizuirea periodica a masurilor de securitate, tehnice si organizatorice, menite sa protejeze datele impotriva accesului neautorizat, modificarii, dezvaluirii sau distrugerii neautorizate. Accesul la date este permis doar persoanelor autorizate, care si-au insusit in prealabil obligatiile de confidentialitate.<\/p>\n\n\n\n<p><strong>Catre cine poate transfera Operatorul datele?<\/strong><\/p>\n\n\n\n<p>Datele dvs. cu caracter personal pot fi transmise la cerere, autorit\u0103\u021bilor \u00een drept, \u00een conformitate cu prevederile legale aplicabile.<\/p>\n\n\n\n<p><strong>Cat timp pastreaza Operatorul datele personale colectate?<\/strong><\/p>\n\n\n\n<p>Societatea noastra pastreaza datele personale pe toata perioada necesara realizarii scopurilor pentru care au fost colectate, fara depasirea urmatoarelor perioade maxime de pastrare: Datele utilizatorilor legate de formulare de contact online \u2013 pentru o perioada de maxim 6 luni.<\/p>\n\n\n\n<p><strong>Care sunt drepturile Dvs?<\/strong><\/p>\n\n\n\n<p>Aveti dreptul de a fi informat cu privire la datele Dvs cu caracter personal pe care Societatea noastra le detine.<\/p>\n\n\n\n<p>Aveti dreptul de acces la datele Dvs cu caracter personal pe care Societatea noastra le detine.<\/p>\n\n\n\n<p>Aveti dreptul de a solicita rectificarea datelor incomplete, incorecte sau care nu mai sunt de actualitate.<\/p>\n\n\n\n<p>Aveti dreptul de a solicita stergerea sau actualizarea datelor incomplete, incorecte sau care nu mai sunt de actualitate.<\/p>\n\n\n\n<p>Aveti dreptul de a restrictiona procesarea datelor Dvs personale.<\/p>\n\n\n\n<p>Aveti dreptul la portabilitatea datelor Dvs personale.<\/p>\n\n\n\n<p>Aveti dreptul de a formula obiectii cu privire la prelucrarea datelor Dvs personale.<\/p>\n\n\n\n<p>Aveti dreptul de a cere anularea oricarei decizii care produce efecte juridice in privinta Dvs, adoptata exclusiv pe baza unei prelucrari de date cu caracter personal, efectuata prin mijloace automate, precum si reevaluarea oricarei alte decizii luate in privinta Dvs.<\/p>\n\n\n\n<p>Pentru exercitarea oricaruia din aceste drepturi trebuie doar sa trimiti o cerere la adresa Operatorului din Bucure\u0219ti, strada Calea Plevnei 145B&nbsp; prin e-mail la adresa office@quadratum.ro&nbsp; sau telefonic la num\u0103rul de telefon +40 (748) 084 456<\/p>\n\n\n\n<p>De asemenea, aveti dreptul de a \u00eenainta o pl\u00e2ngere c\u0103tre autoritatea de supraveghere a protec\u021biei datelor din Rom\u00e2nia, \u00een cazul \u00een care considerati c\u0103 prelucrarea datelor Dvs cu caracter personal \u00eencalc\u0103 legile aplicabile.Institu\u021bia c\u0103reia va puteti adresa pentru a depune o pl\u00e2ngere este:&nbsp;Autoritatea Na\u0163ional\u0103 de Supraveghere a Prelucr\u0103rii Datelor cu Caracter Personal B-dul G-ral. Gheorghe Magheru 28-30Sector 1, cod postal 010336Bucuresti, Romania, www.dataprotection.ro, anspdcp@dataprotection.ro+40.318.059.211, +40.318.059.212.<\/p>\n\n\n\n<p><strong>Actualiz\u0103ri la aceast\u0103 politic\u0103 de confiden\u021bialitate<\/strong><\/p>\n\n\n\n<p>Cea mai recent\u0103 actualizare a acestei Politici de confiden\u021bialitate a fost realizat\u0103 \u00een luna Decembrie Ne rezerv\u0103m dreptul de a actualiza \u0219i modifica periodic aceast\u0103 Politic\u0103 de confiden\u021bialitate, pentru a reflecta orice modific\u0103ri ale modului \u00een care prelucr\u0103m datele dumneavoastr\u0103 cu caracter personal sau orice modific\u0103ri ale cerin\u021belor legale. \u00cen cazul oric\u0103rei astfel de modific\u0103ri, vom afi\u0219a in aplicatie versiunea modificat\u0103 a Politicii de confiden\u021bialitate \u0219i\/sau o v\u0103 vom pune la dispozi\u021bie \u00een alt mod.<\/p>\n<\/div>\n\n\n\n<div class=\"wp-block-column is-layout-flow wp-block-column-is-layout-flow\" style=\"flex-basis:25%\"><\/div>\n<\/div>","protected":false},"excerpt":{"rendered":"<p>Aceast\u0103 politic\u0103 de confiden\u021bialitate v\u0103 informeaz\u0103 cu privire la informa\u021biile pe care le colect\u0103m de la dvs. atunci c\u00e2nd utiliza\u021bi site-ul nostru web. \u00cen colectarea acestor informa\u021bii, noi ac\u021bion\u0103m \u00een calitate de operator de date \u0219i, prin lege, suntem obliga\u021bi s\u0103 v\u0103 furniz\u0103m informa\u021bii despre noi, despre motivul \u0219i modul \u00een care folosim datele dvs. [&hellip;]<\/p>\n","protected":false},"author":1,"featured_media":0,"parent":0,"menu_order":0,"comment_status":"closed","ping_status":"closed","template":"elementor_theme","meta":{"footnotes":""},"class_list":["post-14242","page","type-page","status-publish","hentry"],"yoast_head":"<!-- This site is optimized with the Yoast SEO plugin v27.3 - https:\/\/yoast.com\/product\/yoast-seo-wordpress\/ -->\n<title>Politic\u0103 de confiden\u021bialitate - Quadratum Architecture<\/title>\n<meta name=\"robots\" content=\"index, follow, max-snippet:-1, max-image-preview:large, max-video-preview:-1\" \/>\n<link rel=\"canonical\" href=\"https:\/\/quadratum.ro\/en\/politica-de-confidentialitate\/\" \/>\n<meta property=\"og:locale\" content=\"en_GB\" \/>\n<meta property=\"og:type\" content=\"article\" \/>\n<meta property=\"og:title\" content=\"Politic\u0103 de confiden\u021bialitate - Quadratum Architecture\" \/>\n<meta property=\"og:description\" content=\"Aceast\u0103 politic\u0103 de confiden\u021bialitate v\u0103 informeaz\u0103 cu privire la informa\u021biile pe care le colect\u0103m de la dvs. atunci c\u00e2nd utiliza\u021bi site-ul nostru web. \u00cen colectarea acestor informa\u021bii, noi ac\u021bion\u0103m \u00een calitate de operator de date \u0219i, prin lege, suntem obliga\u021bi s\u0103 v\u0103 furniz\u0103m informa\u021bii despre noi, despre motivul \u0219i modul \u00een care folosim datele dvs. [&hellip;]\" \/>\n<meta property=\"og:url\" content=\"https:\/\/quadratum.ro\/en\/politica-de-confidentialitate\/\" \/>\n<meta property=\"og:site_name\" content=\"Quadratum Architecture\" \/>\n<meta property=\"article:publisher\" content=\"https:\/\/www.facebook.com\/quadratumarchitecture\" \/>\n<meta property=\"article:modified_time\" content=\"2023-11-21T16:25:41+00:00\" \/>\n<meta property=\"og:image\" content=\"https:\/\/quadratum.ro\/wp-content\/uploads\/2022\/09\/SAFTICA_randare_05.jpg\" \/>\n\t<meta property=\"og:image:width\" content=\"1920\" \/>\n\t<meta property=\"og:image:height\" content=\"942\" \/>\n\t<meta property=\"og:image:type\" content=\"image\/jpeg\" \/>\n<meta name=\"twitter:card\" content=\"summary_large_image\" \/>\n<meta name=\"twitter:label1\" content=\"Est. reading time\" \/>\n\t<meta name=\"twitter:data1\" content=\"6 minutes\" \/>\n<script type=\"application\/ld+json\" class=\"yoast-schema-graph\">{\"@context\":\"https:\\\/\\\/schema.org\",\"@graph\":[{\"@type\":\"WebPage\",\"@id\":\"https:\\\/\\\/quadratum.ro\\\/politica-de-confidentialitate\\\/\",\"url\":\"https:\\\/\\\/quadratum.ro\\\/politica-de-confidentialitate\\\/\",\"name\":\"Politic\u0103 de confiden\u021bialitate - Quadratum Architecture\",\"isPartOf\":{\"@id\":\"https:\\\/\\\/quadratum.ro\\\/#website\"},\"datePublished\":\"2022-11-29T16:43:48+00:00\",\"dateModified\":\"2023-11-21T16:25:41+00:00\",\"breadcrumb\":{\"@id\":\"https:\\\/\\\/quadratum.ro\\\/politica-de-confidentialitate\\\/#breadcrumb\"},\"inLanguage\":\"en-GB\",\"potentialAction\":[{\"@type\":\"ReadAction\",\"target\":[\"https:\\\/\\\/quadratum.ro\\\/politica-de-confidentialitate\\\/\"]}]},{\"@type\":\"BreadcrumbList\",\"@id\":\"https:\\\/\\\/quadratum.ro\\\/politica-de-confidentialitate\\\/#breadcrumb\",\"itemListElement\":[{\"@type\":\"ListItem\",\"position\":1,\"name\":\"Prima pagin\u0103\",\"item\":\"https:\\\/\\\/quadratum.ro\\\/\"},{\"@type\":\"ListItem\",\"position\":2,\"name\":\"Politic\u0103 de confiden\u021bialitate\"}]},{\"@type\":\"WebSite\",\"@id\":\"https:\\\/\\\/quadratum.ro\\\/#website\",\"url\":\"https:\\\/\\\/quadratum.ro\\\/\",\"name\":\"Quadratum Architecture\",\"description\":\"\",\"publisher\":{\"@id\":\"https:\\\/\\\/quadratum.ro\\\/#organization\"},\"potentialAction\":[{\"@type\":\"SearchAction\",\"target\":{\"@type\":\"EntryPoint\",\"urlTemplate\":\"https:\\\/\\\/quadratum.ro\\\/?s={search_term_string}\"},\"query-input\":{\"@type\":\"PropertyValueSpecification\",\"valueRequired\":true,\"valueName\":\"search_term_string\"}}],\"inLanguage\":\"en-GB\"},{\"@type\":\"Organization\",\"@id\":\"https:\\\/\\\/quadratum.ro\\\/#organization\",\"name\":\"Quadratum Architecture\",\"url\":\"https:\\\/\\\/quadratum.ro\\\/\",\"logo\":{\"@type\":\"ImageObject\",\"inLanguage\":\"en-GB\",\"@id\":\"https:\\\/\\\/quadratum.ro\\\/#\\\/schema\\\/logo\\\/image\\\/\",\"url\":\"https:\\\/\\\/quadratum.ro\\\/wp-content\\\/uploads\\\/2022\\\/09\\\/quadratum-logo.svg\",\"contentUrl\":\"https:\\\/\\\/quadratum.ro\\\/wp-content\\\/uploads\\\/2022\\\/09\\\/quadratum-logo.svg\",\"width\":234,\"height\":40,\"caption\":\"Quadratum Architecture\"},\"image\":{\"@id\":\"https:\\\/\\\/quadratum.ro\\\/#\\\/schema\\\/logo\\\/image\\\/\"},\"sameAs\":[\"https:\\\/\\\/www.facebook.com\\\/quadratumarchitecture\",\"https:\\\/\\\/www.linkedin.com\\\/in\\\/quadratum-architecture-613008254\\\/\",\"https:\\\/\\\/www.instagram.com\\\/quadratum_architecture\\\/\"]}]}<\/script>\n<!-- \/ Yoast SEO plugin. -->","yoast_head_json":{"title":"Politic\u0103 de confiden\u021bialitate - Quadratum Architecture","robots":{"index":"index","follow":"follow","max-snippet":"max-snippet:-1","max-image-preview":"max-image-preview:large","max-video-preview":"max-video-preview:-1"},"canonical":"https:\/\/quadratum.ro\/en\/politica-de-confidentialitate\/","og_locale":"en_GB","og_type":"article","og_title":"Politic\u0103 de confiden\u021bialitate - Quadratum Architecture","og_description":"Aceast\u0103 politic\u0103 de confiden\u021bialitate v\u0103 informeaz\u0103 cu privire la informa\u021biile pe care le colect\u0103m de la dvs. atunci c\u00e2nd utiliza\u021bi site-ul nostru web. \u00cen colectarea acestor informa\u021bii, noi ac\u021bion\u0103m \u00een calitate de operator de date \u0219i, prin lege, suntem obliga\u021bi s\u0103 v\u0103 furniz\u0103m informa\u021bii despre noi, despre motivul \u0219i modul \u00een care folosim datele dvs. [&hellip;]","og_url":"https:\/\/quadratum.ro\/en\/politica-de-confidentialitate\/","og_site_name":"Quadratum Architecture","article_publisher":"https:\/\/www.facebook.com\/quadratumarchitecture","article_modified_time":"2023-11-21T16:25:41+00:00","og_image":[{"width":1920,"height":942,"url":"https:\/\/quadratum.ro\/wp-content\/uploads\/2022\/09\/SAFTICA_randare_05.jpg","type":"image\/jpeg"}],"twitter_card":"summary_large_image","twitter_misc":{"Est. reading time":"6 minutes"},"schema":{"@context":"https:\/\/schema.org","@graph":[{"@type":"WebPage","@id":"https:\/\/quadratum.ro\/politica-de-confidentialitate\/","url":"https:\/\/quadratum.ro\/politica-de-confidentialitate\/","name":"Politic\u0103 de confiden\u021bialitate - Quadratum Architecture","isPartOf":{"@id":"https:\/\/quadratum.ro\/#website"},"datePublished":"2022-11-29T16:43:48+00:00","dateModified":"2023-11-21T16:25:41+00:00","breadcrumb":{"@id":"https:\/\/quadratum.ro\/politica-de-confidentialitate\/#breadcrumb"},"inLanguage":"en-GB","potentialAction":[{"@type":"ReadAction","target":["https:\/\/quadratum.ro\/politica-de-confidentialitate\/"]}]},{"@type":"BreadcrumbList","@id":"https:\/\/quadratum.ro\/politica-de-confidentialitate\/#breadcrumb","itemListElement":[{"@type":"ListItem","position":1,"name":"Prima pagin\u0103","item":"https:\/\/quadratum.ro\/"},{"@type":"ListItem","position":2,"name":"Politic\u0103 de confiden\u021bialitate"}]},{"@type":"WebSite","@id":"https:\/\/quadratum.ro\/#website","url":"https:\/\/quadratum.ro\/","name":"Quadratum Architecture","description":"","publisher":{"@id":"https:\/\/quadratum.ro\/#organization"},"potentialAction":[{"@type":"SearchAction","target":{"@type":"EntryPoint","urlTemplate":"https:\/\/quadratum.ro\/?s={search_term_string}"},"query-input":{"@type":"PropertyValueSpecification","valueRequired":true,"valueName":"search_term_string"}}],"inLanguage":"en-GB"},{"@type":"Organization","@id":"https:\/\/quadratum.ro\/#organization","name":"Quadratum Architecture","url":"https:\/\/quadratum.ro\/","logo":{"@type":"ImageObject","inLanguage":"en-GB","@id":"https:\/\/quadratum.ro\/#\/schema\/logo\/image\/","url":"https:\/\/quadratum.ro\/wp-content\/uploads\/2022\/09\/quadratum-logo.svg","contentUrl":"https:\/\/quadratum.ro\/wp-content\/uploads\/2022\/09\/quadratum-logo.svg","width":234,"height":40,"caption":"Quadratum Architecture"},"image":{"@id":"https:\/\/quadratum.ro\/#\/schema\/logo\/image\/"},"sameAs":["https:\/\/www.facebook.com\/quadratumarchitecture","https:\/\/www.linkedin.com\/in\/quadratum-architecture-613008254\/","https:\/\/www.instagram.com\/quadratum_architecture\/"]}]}},"_links":{"self":[{"href":"https:\/\/quadratum.ro\/en\/wp-json\/wp\/v2\/pages\/14242","targetHints":{"allow":["GET"]}}],"collection":[{"href":"https:\/\/quadratum.ro\/en\/wp-json\/wp\/v2\/pages"}],"about":[{"href":"https:\/\/quadratum.ro\/en\/wp-json\/wp\/v2\/types\/page"}],"author":[{"embeddable":true,"href":"https:\/\/quadratum.ro\/en\/wp-json\/wp\/v2\/users\/1"}],"replies":[{"embeddable":true,"href":"https:\/\/quadratum.ro\/en\/wp-json\/wp\/v2\/comments?post=14242"}],"version-history":[{"count":3,"href":"https:\/\/quadratum.ro\/en\/wp-json\/wp\/v2\/pages\/14242\/revisions"}],"predecessor-version":[{"id":14441,"href":"https:\/\/quadratum.ro\/en\/wp-json\/wp\/v2\/pages\/14242\/revisions\/14441"}],"wp:attachment":[{"href":"https:\/\/quadratum.ro\/en\/wp-json\/wp\/v2\/media?parent=14242"}],"curies":[{"name":"wp","href":"https:\/\/api.w.org\/{rel}","templated":true}]}}