{"id":5791,"date":"2022-04-15T09:54:40","date_gmt":"2022-04-15T09:54:40","guid":{"rendered":"https:\/\/archicon.qodeinteractive.com\/?page_id=5791"},"modified":"2023-11-22T08:49:50","modified_gmt":"2023-11-22T06:49:50","slug":"contact","status":"publish","type":"page","link":"https:\/\/quadratum.ro\/en\/contact\/","title":{"rendered":"Contact"},"content":{"rendered":"<div data-elementor-type=\"wp-page\" data-elementor-id=\"5791\" class=\"elementor elementor-5791\" data-elementor-post-type=\"page\">\n\t\t\t\t\t\t<section class=\"elementor-section elementor-top-section elementor-element elementor-element-9e103bd elementor-section-full_width elementor-section-height-default elementor-section-height-default qodef-elementor-content-no\" data-id=\"9e103bd\" data-element_type=\"section\" data-e-type=\"section\" data-settings=\"{&quot;background_background&quot;:&quot;classic&quot;}\">\n\t\t\t\t\t\t<div class=\"elementor-container elementor-column-gap-default\">\n\t\t\t\t\t<div class=\"elementor-column elementor-col-100 elementor-top-column elementor-element elementor-element-2154f91\" data-id=\"2154f91\" data-element_type=\"column\" data-e-type=\"column\">\n\t\t\t<div class=\"elementor-widget-wrap elementor-element-populated\">\n\t\t\t\t\t\t<div class=\"elementor-element elementor-element-402bd7f elementor-widget__width-initial elementor-widget elementor-widget-archicon_core_section_title\" data-id=\"402bd7f\" data-element_type=\"widget\" data-e-type=\"widget\" data-widget_type=\"archicon_core_section_title.default\">\n\t\t\t\t<div class=\"elementor-widget-container\">\n\t\t\t\t\t<div class=\"qodef-shortcode qodef-m qodef-section-title qodef-alignment--center\"  >\n\t\t\t<h1 class=\"qodef-m-title\" style=\"color: #FFFFFF;text-transform: uppercase\">\n\t<span class=\"qodef-m-title-inner\" style=\"--qodef-st-custom-fs: 90px;--qodef-st-custom-lh: 90px\">\n\t\t\tcontact\t\t<\/span>\n\t<\/h1>\n\t\t<\/div>\n\t\t\t\t<\/div>\n\t\t\t\t<\/div>\n\t\t\t\t\t<\/div>\n\t\t<\/div>\n\t\t\t\t\t<\/div>\n\t\t<\/section>\n\t\t\t\t<section class=\"elementor-section elementor-top-section elementor-element elementor-element-ade6bc4 elementor-section-full_width elementor-section-height-default elementor-section-height-default qodef-elementor-content-no\" data-id=\"ade6bc4\" data-element_type=\"section\" data-e-type=\"section\" data-settings=\"{&quot;background_background&quot;:&quot;classic&quot;}\">\n\t\t\t\t\t\t<div class=\"elementor-container elementor-column-gap-default\">\n\t\t\t\t\t<div class=\"elementor-column elementor-col-50 elementor-top-column elementor-element elementor-element-6647a57\" data-id=\"6647a57\" data-element_type=\"column\" data-e-type=\"column\">\n\t\t\t<div class=\"elementor-widget-wrap elementor-element-populated\">\n\t\t\t\t\t\t<div class=\"elementor-element elementor-element-be3208e elementor-widget__width-initial elementor-widget-mobile__width-inherit elementor-widget elementor-widget-archicon_core_section_title\" data-id=\"be3208e\" data-element_type=\"widget\" data-e-type=\"widget\" data-widget_type=\"archicon_core_section_title.default\">\n\t\t\t\t<div class=\"elementor-widget-container\">\n\t\t\t\t\t<div class=\"qodef-shortcode qodef-m qodef-section-title qodef-alignment--left\"  >\n\t\t<p class=\"qodef-m-tagline\" >\r\n\t\tSuntem Quadratum.\t<\/p>\r\n\t\t<h3 class=\"qodef-m-title\" style=\"font-weight: 700\">\n\t<span class=\"qodef-m-title-inner\" >\n\t\t\tCredem nu doar \u00een proiecte, ci \u00een comunit\u0103\u021bi. \t\t<\/span>\n\t<\/h3>\n\t\t<h5 class=\"qodef-m-text\" >\n\t\tUmaniz\u0103m ziduri \u0219i cre\u0103m spa\u021biul pentru a scrie noi pove\u0219ti. Scrie-ne!\t<\/h5>\n\t<\/div>\n\t\t\t\t<\/div>\n\t\t\t\t<\/div>\n\t\t\t\t\t<\/div>\n\t\t<\/div>\n\t\t\t\t<div class=\"elementor-column elementor-col-50 elementor-top-column elementor-element elementor-element-bb2aa2c\" data-id=\"bb2aa2c\" data-element_type=\"column\" data-e-type=\"column\">\n\t\t\t<div class=\"elementor-widget-wrap elementor-element-populated\">\n\t\t\t\t\t\t<section class=\"elementor-section elementor-inner-section elementor-element elementor-element-21ad484 elementor-section-boxed elementor-section-height-default elementor-section-height-default qodef-elementor-content-no\" data-id=\"21ad484\" data-element_type=\"section\" data-e-type=\"section\">\n\t\t\t\t\t\t<div class=\"elementor-container elementor-column-gap-default\">\n\t\t\t\t\t<div class=\"elementor-column elementor-col-50 elementor-inner-column elementor-element elementor-element-b29abc5\" data-id=\"b29abc5\" data-element_type=\"column\" data-e-type=\"column\">\n\t\t\t<div class=\"elementor-widget-wrap elementor-element-populated\">\n\t\t\t\t\t\t<div class=\"elementor-element elementor-element-d27fb1c elementor-widget elementor-widget-archicon_core_section_title\" data-id=\"d27fb1c\" data-element_type=\"widget\" data-e-type=\"widget\" data-widget_type=\"archicon_core_section_title.default\">\n\t\t\t\t<div class=\"elementor-widget-container\">\n\t\t\t\t\t<div class=\"qodef-shortcode qodef-m qodef-section-title qodef-alignment--left\"  >\n\t\t\t<h4 class=\"qodef-m-title\" >\n\t<span class=\"qodef-m-title-inner\" >\n\t\t\tQuadratum Architecture\t\t<\/span>\n\t<\/h4>\n\t\t<\/div>\n\t\t\t\t<\/div>\n\t\t\t\t<\/div>\n\t\t\t\t<div class=\"elementor-element elementor-element-f305d55 elementor-widget__width-initial qodef-custom-link elementor-widget elementor-widget-text-editor\" data-id=\"f305d55\" data-element_type=\"widget\" data-e-type=\"widget\" data-widget_type=\"text-editor.default\">\n\t\t\t\t<div class=\"elementor-widget-container\">\n\t\t\t\t\t\t\t\t\t<a href=\"https:\/\/www.google.com\/maps\/place\/Quadratum+Architecture\/@44.4437261,26.0619412,17z\/data=!3m1!4b1!4m5!3m4!1s0x40b201160110192f:0xeaaed566f28c50fc!8m2!3d44.4437425!4d26.0664475\" target=\"_blank\" rel=\"noopener\">Calea Plevnei 145B, Bloc 4, Parter, Bucure\u0219ti, Rom\u00e2nia<\/a>\n<a href=\"tel:+4754023080\" target=\"_self\" rel=\"noopener\">+40&nbsp;754&nbsp;023&nbsp;080<\/a>\n<a href=\"mailto:office@quadratum.ro\" target=\"_blank\" rel=\"noopener\">office@quadratum.ro<\/a>\t\t\t\t\t\t\t\t<\/div>\n\t\t\t\t<\/div>\n\t\t\t\t\t<\/div>\n\t\t<\/div>\n\t\t\t\t<div class=\"elementor-column elementor-col-50 elementor-inner-column elementor-element elementor-element-fb927e9\" data-id=\"fb927e9\" data-element_type=\"column\" data-e-type=\"column\" data-settings=\"{&quot;background_background&quot;:&quot;classic&quot;}\">\n\t\t\t<div class=\"elementor-widget-wrap elementor-element-populated\">\n\t\t\t\t\t\t\t<\/div>\n\t\t<\/div>\n\t\t\t\t\t<\/div>\n\t\t<\/section>\n\t\t\t\t\t<\/div>\n\t\t<\/div>\n\t\t\t\t\t<\/div>\n\t\t<\/section>\n\t\t\t\t<section class=\"elementor-section elementor-top-section elementor-element elementor-element-e1fb671 elementor-section-full_width elementor-hidden-desktop elementor-hidden-tablet elementor-hidden-mobile elementor-section-height-default elementor-section-height-default qodef-elementor-content-no\" data-id=\"e1fb671\" data-element_type=\"section\" data-e-type=\"section\" data-settings=\"{&quot;background_background&quot;:&quot;classic&quot;}\">\n\t\t\t\t\t\t<div class=\"elementor-container elementor-column-gap-default\">\n\t\t\t\t\t<div class=\"elementor-column elementor-col-50 elementor-top-column elementor-element elementor-element-e166e7c\" data-id=\"e166e7c\" data-element_type=\"column\" data-e-type=\"column\">\n\t\t\t<div class=\"elementor-widget-wrap elementor-element-populated\">\n\t\t\t\t\t\t<div class=\"elementor-element elementor-element-f908e5f elementor-widget__width-initial elementor-widget elementor-widget-archicon_core_section_title\" data-id=\"f908e5f\" data-element_type=\"widget\" data-e-type=\"widget\" data-widget_type=\"archicon_core_section_title.default\">\n\t\t\t\t<div class=\"elementor-widget-container\">\n\t\t\t\t\t<div class=\"qodef-shortcode qodef-m qodef-section-title qodef-alignment--left\"  >\n\t\t\t<h3 class=\"qodef-m-title\" >\n\t<span class=\"qodef-m-title-inner\" >\n\t\t\tContact rapid\t\t<\/span>\n\t<\/h3>\n\t\t<h5 class=\"qodef-m-text\" >\n\t\tLorem ipsum dolor sit amet\t<\/h5>\n\t<\/div>\n\t\t\t\t<\/div>\n\t\t\t\t<\/div>\n\t\t\t\t\t<\/div>\n\t\t<\/div>\n\t\t\t\t<div class=\"elementor-column elementor-col-50 elementor-top-column elementor-element elementor-element-d10c4d9\" data-id=\"d10c4d9\" data-element_type=\"column\" data-e-type=\"column\">\n\t\t\t<div class=\"elementor-widget-wrap elementor-element-populated\">\n\t\t\t\t\t\t<div class=\"elementor-element elementor-element-ce9e63a elementor-widget elementor-widget-wp-widget-archicon_core_contact_form_7\" data-id=\"ce9e63a\" data-element_type=\"widget\" data-e-type=\"widget\" data-widget_type=\"wp-widget-archicon_core_contact_form_7.default\">\n\t\t\t\t<div class=\"elementor-widget-container\">\n\t\t\t\t\t\t\t\t<div class=\"qodef-contact-form-7\">\n\t\t\t\t\n<div class=\"wpcf7 no-js\" id=\"wpcf7-f11-o1\" lang=\"en-US\" dir=\"ltr\" data-wpcf7-id=\"11\">\n<div class=\"screen-reader-response\"><p role=\"status\" aria-live=\"polite\" aria-atomic=\"true\"><\/p> <ul><\/ul><\/div>\n<form action=\"\/en\/wp-json\/wp\/v2\/pages\/5791#wpcf7-f11-o1\" method=\"post\" class=\"wpcf7-form init\" aria-label=\"Contact form\" novalidate=\"novalidate\" data-status=\"init\" data-trp-original-action=\"\/en\/wp-json\/wp\/v2\/pages\/5791#wpcf7-f11-o1\">\n<fieldset class=\"hidden-fields-container\"><input type=\"hidden\" name=\"_wpcf7\" value=\"11\" \/><input type=\"hidden\" name=\"_wpcf7_version\" value=\"6.1.5\" \/><input type=\"hidden\" name=\"_wpcf7_locale\" value=\"en_US\" \/><input type=\"hidden\" name=\"_wpcf7_unit_tag\" value=\"wpcf7-f11-o1\" \/><input type=\"hidden\" name=\"_wpcf7_container_post\" value=\"0\" \/><input type=\"hidden\" name=\"_wpcf7_posted_data_hash\" value=\"\" \/>\n<\/fieldset>\n<label> Nume \u0219i Prenume*\n    <span class=\"wpcf7-form-control-wrap\" data-name=\"your-name\"><input size=\"40\" maxlength=\"400\" class=\"wpcf7-form-control wpcf7-text wpcf7-validates-as-required\" aria-required=\"true\" aria-invalid=\"false\" value=\"\" type=\"text\" name=\"your-name\" \/><\/span> <\/label>\n\n<label> Email*\n    <span class=\"wpcf7-form-control-wrap\" data-name=\"your-email\"><input size=\"40\" maxlength=\"400\" class=\"wpcf7-form-control wpcf7-email wpcf7-validates-as-required wpcf7-text wpcf7-validates-as-email\" aria-required=\"true\" aria-invalid=\"false\" value=\"\" type=\"email\" name=\"your-email\" \/><\/span> <\/label>\n\n<label> Subiect*\n    <span class=\"wpcf7-form-control-wrap\" data-name=\"your-subject\"><input size=\"40\" maxlength=\"400\" class=\"wpcf7-form-control wpcf7-text wpcf7-validates-as-required\" aria-required=\"true\" aria-invalid=\"false\" value=\"\" type=\"text\" name=\"your-subject\" \/><\/span> <\/label>\n\n<label> Mesaj*\n    <span class=\"wpcf7-form-control-wrap\" data-name=\"your-message\"><textarea cols=\"40\" rows=\"10\" maxlength=\"2000\" class=\"wpcf7-form-control wpcf7-textarea wpcf7-validates-as-required\" aria-required=\"true\" aria-invalid=\"false\" name=\"your-message\"><\/textarea><\/span> <\/label>\n\n<button class=\"wpcf7-form-control wpcf7-submit qodef-button qodef-size--normal qodef-layout--filled qodef-m\" type=\"submit\"><span class=\"qodef-m-reveal\"><\/span><span class=\"qodef-m-text\">Trimite<\/span><\/button><div class=\"wpcf7-response-output\" aria-hidden=\"true\"><\/div>\n<input type=\"hidden\" name=\"trp-form-language\" value=\"en\"\/><\/form>\n<\/div>\n\t\t\t<\/div>\n\t\t\t\t\t\t\t<\/div>\n\t\t\t\t<\/div>\n\t\t\t\t\t<\/div>\n\t\t<\/div>\n\t\t\t\t\t<\/div>\n\t\t<\/section>\n\t\t\t\t<\/div>","protected":false},"excerpt":{"rendered":"<p>contact Suntem Quadratum. Credem nu doar \u00een proiecte, ci \u00een comunit\u0103\u021bi. Umaniz\u0103m ziduri \u0219i cre\u0103m spa\u021biul pentru a scrie noi pove\u0219ti. Scrie-ne! Quadratum Architecture Calea Plevnei 145B, Bloc 4, Parter, Bucure\u0219ti, Rom\u00e2nia +40&nbsp;754&nbsp;023&nbsp;080 office@quadratum.ro Contact rapid Lorem ipsum dolor sit amet<\/p>","protected":false},"author":1,"featured_media":0,"parent":0,"menu_order":0,"comment_status":"closed","ping_status":"closed","template":"page-full-width.php","meta":{"footnotes":""},"class_list":["post-5791","page","type-page","status-publish","hentry"],"yoast_head":"<!-- This site is optimized with the Yoast SEO plugin v27.3 - https:\/\/yoast.com\/product\/yoast-seo-wordpress\/ -->\n<title>Contact - Quadratum Architecture<\/title>\n<meta name=\"robots\" content=\"index, follow, max-snippet:-1, max-image-preview:large, max-video-preview:-1\" \/>\n<link rel=\"canonical\" href=\"https:\/\/quadratum.ro\/en\/contact\/\" \/>\n<meta property=\"og:locale\" content=\"en_GB\" \/>\n<meta property=\"og:type\" content=\"article\" \/>\n<meta property=\"og:title\" content=\"Contact - Quadratum Architecture\" \/>\n<meta property=\"og:description\" content=\"contact Suntem Quadratum. Credem nu doar \u00een proiecte, ci \u00een comunit\u0103\u021bi. Umaniz\u0103m ziduri \u0219i cre\u0103m spa\u021biul pentru a scrie noi pove\u0219ti. Scrie-ne! Quadratum Architecture Calea Plevnei 145B, Bloc 4, Parter, Bucure\u0219ti, Rom\u00e2nia +40&nbsp;754&nbsp;023&nbsp;080 office@quadratum.ro Contact rapid Lorem ipsum dolor sit amet\" \/>\n<meta property=\"og:url\" content=\"https:\/\/quadratum.ro\/en\/contact\/\" \/>\n<meta property=\"og:site_name\" content=\"Quadratum Architecture\" \/>\n<meta property=\"article:publisher\" content=\"https:\/\/www.facebook.com\/quadratumarchitecture\" \/>\n<meta property=\"article:modified_time\" content=\"2023-11-22T06:49:50+00:00\" \/>\n<meta property=\"og:image\" content=\"https:\/\/quadratum.ro\/wp-content\/uploads\/2022\/09\/SAFTICA_randare_05.jpg\" \/>\n\t<meta property=\"og:image:width\" content=\"1920\" \/>\n\t<meta property=\"og:image:height\" content=\"942\" \/>\n\t<meta property=\"og:image:type\" content=\"image\/jpeg\" \/>\n<meta name=\"twitter:card\" content=\"summary_large_image\" \/>\n<script type=\"application\/ld+json\" class=\"yoast-schema-graph\">{\"@context\":\"https:\\\/\\\/schema.org\",\"@graph\":[{\"@type\":\"WebPage\",\"@id\":\"https:\\\/\\\/quadratum.ro\\\/contact\\\/\",\"url\":\"https:\\\/\\\/quadratum.ro\\\/contact\\\/\",\"name\":\"Contact - Quadratum Architecture\",\"isPartOf\":{\"@id\":\"https:\\\/\\\/quadratum.ro\\\/#website\"},\"datePublished\":\"2022-04-15T09:54:40+00:00\",\"dateModified\":\"2023-11-22T06:49:50+00:00\",\"breadcrumb\":{\"@id\":\"https:\\\/\\\/quadratum.ro\\\/contact\\\/#breadcrumb\"},\"inLanguage\":\"en-GB\",\"potentialAction\":[{\"@type\":\"ReadAction\",\"target\":[\"https:\\\/\\\/quadratum.ro\\\/contact\\\/\"]}]},{\"@type\":\"BreadcrumbList\",\"@id\":\"https:\\\/\\\/quadratum.ro\\\/contact\\\/#breadcrumb\",\"itemListElement\":[{\"@type\":\"ListItem\",\"position\":1,\"name\":\"Prima pagin\u0103\",\"item\":\"https:\\\/\\\/quadratum.ro\\\/\"},{\"@type\":\"ListItem\",\"position\":2,\"name\":\"Contact\"}]},{\"@type\":\"WebSite\",\"@id\":\"https:\\\/\\\/quadratum.ro\\\/#website\",\"url\":\"https:\\\/\\\/quadratum.ro\\\/\",\"name\":\"Quadratum Architecture\",\"description\":\"\",\"publisher\":{\"@id\":\"https:\\\/\\\/quadratum.ro\\\/#organization\"},\"potentialAction\":[{\"@type\":\"SearchAction\",\"target\":{\"@type\":\"EntryPoint\",\"urlTemplate\":\"https:\\\/\\\/quadratum.ro\\\/?s={search_term_string}\"},\"query-input\":{\"@type\":\"PropertyValueSpecification\",\"valueRequired\":true,\"valueName\":\"search_term_string\"}}],\"inLanguage\":\"en-GB\"},{\"@type\":\"Organization\",\"@id\":\"https:\\\/\\\/quadratum.ro\\\/#organization\",\"name\":\"Quadratum Architecture\",\"url\":\"https:\\\/\\\/quadratum.ro\\\/\",\"logo\":{\"@type\":\"ImageObject\",\"inLanguage\":\"en-GB\",\"@id\":\"https:\\\/\\\/quadratum.ro\\\/#\\\/schema\\\/logo\\\/image\\\/\",\"url\":\"https:\\\/\\\/quadratum.ro\\\/wp-content\\\/uploads\\\/2022\\\/09\\\/quadratum-logo.svg\",\"contentUrl\":\"https:\\\/\\\/quadratum.ro\\\/wp-content\\\/uploads\\\/2022\\\/09\\\/quadratum-logo.svg\",\"width\":234,\"height\":40,\"caption\":\"Quadratum Architecture\"},\"image\":{\"@id\":\"https:\\\/\\\/quadratum.ro\\\/#\\\/schema\\\/logo\\\/image\\\/\"},\"sameAs\":[\"https:\\\/\\\/www.facebook.com\\\/quadratumarchitecture\",\"https:\\\/\\\/www.linkedin.com\\\/in\\\/quadratum-architecture-613008254\\\/\",\"https:\\\/\\\/www.instagram.com\\\/quadratum_architecture\\\/\"]}]}<\/script>\n<!-- \/ Yoast SEO plugin. -->","yoast_head_json":{"title":"Contact - Quadratum Architecture","robots":{"index":"index","follow":"follow","max-snippet":"max-snippet:-1","max-image-preview":"max-image-preview:large","max-video-preview":"max-video-preview:-1"},"canonical":"https:\/\/quadratum.ro\/en\/contact\/","og_locale":"en_GB","og_type":"article","og_title":"Contact - Quadratum Architecture","og_description":"contact Suntem Quadratum. Credem nu doar \u00een proiecte, ci \u00een comunit\u0103\u021bi. Umaniz\u0103m ziduri \u0219i cre\u0103m spa\u021biul pentru a scrie noi pove\u0219ti. Scrie-ne! Quadratum Architecture Calea Plevnei 145B, Bloc 4, Parter, Bucure\u0219ti, Rom\u00e2nia +40&nbsp;754&nbsp;023&nbsp;080 office@quadratum.ro Contact rapid Lorem ipsum dolor sit amet","og_url":"https:\/\/quadratum.ro\/en\/contact\/","og_site_name":"Quadratum Architecture","article_publisher":"https:\/\/www.facebook.com\/quadratumarchitecture","article_modified_time":"2023-11-22T06:49:50+00:00","og_image":[{"width":1920,"height":942,"url":"https:\/\/quadratum.ro\/wp-content\/uploads\/2022\/09\/SAFTICA_randare_05.jpg","type":"image\/jpeg"}],"twitter_card":"summary_large_image","schema":{"@context":"https:\/\/schema.org","@graph":[{"@type":"WebPage","@id":"https:\/\/quadratum.ro\/contact\/","url":"https:\/\/quadratum.ro\/contact\/","name":"Contact - Quadratum Architecture","isPartOf":{"@id":"https:\/\/quadratum.ro\/#website"},"datePublished":"2022-04-15T09:54:40+00:00","dateModified":"2023-11-22T06:49:50+00:00","breadcrumb":{"@id":"https:\/\/quadratum.ro\/contact\/#breadcrumb"},"inLanguage":"en-GB","potentialAction":[{"@type":"ReadAction","target":["https:\/\/quadratum.ro\/contact\/"]}]},{"@type":"BreadcrumbList","@id":"https:\/\/quadratum.ro\/contact\/#breadcrumb","itemListElement":[{"@type":"ListItem","position":1,"name":"Prima pagin\u0103","item":"https:\/\/quadratum.ro\/"},{"@type":"ListItem","position":2,"name":"Contact"}]},{"@type":"WebSite","@id":"https:\/\/quadratum.ro\/#website","url":"https:\/\/quadratum.ro\/","name":"Quadratum Architecture","description":"","publisher":{"@id":"https:\/\/quadratum.ro\/#organization"},"potentialAction":[{"@type":"SearchAction","target":{"@type":"EntryPoint","urlTemplate":"https:\/\/quadratum.ro\/?s={search_term_string}"},"query-input":{"@type":"PropertyValueSpecification","valueRequired":true,"valueName":"search_term_string"}}],"inLanguage":"en-GB"},{"@type":"Organization","@id":"https:\/\/quadratum.ro\/#organization","name":"Quadratum Architecture","url":"https:\/\/quadratum.ro\/","logo":{"@type":"ImageObject","inLanguage":"en-GB","@id":"https:\/\/quadratum.ro\/#\/schema\/logo\/image\/","url":"https:\/\/quadratum.ro\/wp-content\/uploads\/2022\/09\/quadratum-logo.svg","contentUrl":"https:\/\/quadratum.ro\/wp-content\/uploads\/2022\/09\/quadratum-logo.svg","width":234,"height":40,"caption":"Quadratum Architecture"},"image":{"@id":"https:\/\/quadratum.ro\/#\/schema\/logo\/image\/"},"sameAs":["https:\/\/www.facebook.com\/quadratumarchitecture","https:\/\/www.linkedin.com\/in\/quadratum-architecture-613008254\/","https:\/\/www.instagram.com\/quadratum_architecture\/"]}]}},"_links":{"self":[{"href":"https:\/\/quadratum.ro\/en\/wp-json\/wp\/v2\/pages\/5791","targetHints":{"allow":["GET"]}}],"collection":[{"href":"https:\/\/quadratum.ro\/en\/wp-json\/wp\/v2\/pages"}],"about":[{"href":"https:\/\/quadratum.ro\/en\/wp-json\/wp\/v2\/types\/page"}],"author":[{"embeddable":true,"href":"https:\/\/quadratum.ro\/en\/wp-json\/wp\/v2\/users\/1"}],"replies":[{"embeddable":true,"href":"https:\/\/quadratum.ro\/en\/wp-json\/wp\/v2\/comments?post=5791"}],"version-history":[{"count":105,"href":"https:\/\/quadratum.ro\/en\/wp-json\/wp\/v2\/pages\/5791\/revisions"}],"predecessor-version":[{"id":14457,"href":"https:\/\/quadratum.ro\/en\/wp-json\/wp\/v2\/pages\/5791\/revisions\/14457"}],"wp:attachment":[{"href":"https:\/\/quadratum.ro\/en\/wp-json\/wp\/v2\/media?parent=5791"}],"curies":[{"name":"wp","href":"https:\/\/api.w.org\/{rel}","templated":true}]}}